{"id":5974,"date":"2022-03-28T15:18:01","date_gmt":"2022-03-28T15:18:01","guid":{"rendered":"https:\/\/ampans.cat\/colabora\/voluntariado\/aprenentatge-servei\/"},"modified":"2022-05-03T09:49:26","modified_gmt":"2022-05-03T09:49:26","slug":"aprendizaje-servicio","status":"publish","type":"page","link":"https:\/\/ampans.cat\/es\/colabora\/voluntariado\/aprendizaje-servicio\/","title":{"rendered":"Aprendizaje y servicio"},"content":{"rendered":"","protected":false},"excerpt":{"rendered":"","protected":false},"author":16,"featured_media":0,"parent":1888,"menu_order":0,"comment_status":"closed","ping_status":"closed","template":"template\/d-suports-sub-page.php","meta":{"_acf_changed":false,"inline_featured_image":false,"footnotes":""},"tipus_de_pagina":[],"ambits_principals":[],"edat":[],"situacio_laboral":[],"tipus_formacio":[],"itineraris":[],"class_list":["post-5974","page","type-page","status-publish","hentry"],"acf":[],"yoast_head":"<!-- This site is optimized with the Yoast SEO plugin v27.4 - https:\/\/yoast.com\/product\/yoast-seo-wordpress\/ -->\n<title>Voluntariado en Centros Educativos para Concientizaci\u00f3n<\/title>\n<meta name=\"description\" content=\"A trav\u00e9s de talleres, jornadas y charlas ofrecidas por nuestros j\u00f3venes, planteamos opciones de voluntariado en escuelas, institutos y universidades \u00a1S\u00famate!\" \/>\n<meta name=\"robots\" content=\"index, follow, max-snippet:-1, max-image-preview:large, max-video-preview:-1\" \/>\n<link rel=\"canonical\" href=\"https:\/\/ampans.cat\/es\/colabora\/voluntariado\/aprendizaje-servicio\/\" \/>\n<meta property=\"og:locale\" content=\"es_ES\" \/>\n<meta property=\"og:type\" content=\"article\" \/>\n<meta property=\"og:title\" content=\"Voluntariado en Centros Educativos para Concientizaci\u00f3n\" \/>\n<meta property=\"og:description\" content=\"A trav\u00e9s de talleres, jornadas y charlas ofrecidas por nuestros j\u00f3venes, planteamos opciones de voluntariado en escuelas, institutos y universidades \u00a1S\u00famate!\" \/>\n<meta property=\"og:url\" content=\"https:\/\/ampans.cat\/es\/colabora\/voluntariado\/aprendizaje-servicio\/\" \/>\n<meta property=\"og:site_name\" content=\"AMPANS\" \/>\n<meta property=\"article:modified_time\" content=\"2022-05-03T09:49:26+00:00\" \/>\n<meta name=\"twitter:card\" content=\"summary_large_image\" \/>\n<script type=\"application\/ld+json\" class=\"yoast-schema-graph\">{\"@context\":\"https:\\\/\\\/schema.org\",\"@graph\":[{\"@type\":\"WebPage\",\"@id\":\"https:\\\/\\\/ampans.cat\\\/es\\\/colabora\\\/voluntariado\\\/aprendizaje-servicio\\\/\",\"url\":\"https:\\\/\\\/ampans.cat\\\/es\\\/colabora\\\/voluntariado\\\/aprendizaje-servicio\\\/\",\"name\":\"Voluntariado en Centros Educativos para Concientizaci\u00f3n\",\"isPartOf\":{\"@id\":\"https:\\\/\\\/ampans.cat\\\/es\\\/#website\"},\"datePublished\":\"2022-03-28T15:18:01+00:00\",\"dateModified\":\"2022-05-03T09:49:26+00:00\",\"description\":\"A trav\u00e9s de talleres, jornadas y charlas ofrecidas por nuestros j\u00f3venes, planteamos opciones de voluntariado en escuelas, institutos y universidades \u00a1S\u00famate!\",\"breadcrumb\":{\"@id\":\"https:\\\/\\\/ampans.cat\\\/es\\\/colabora\\\/voluntariado\\\/aprendizaje-servicio\\\/#breadcrumb\"},\"inLanguage\":\"es\",\"potentialAction\":[{\"@type\":\"ReadAction\",\"target\":[\"https:\\\/\\\/ampans.cat\\\/es\\\/colabora\\\/voluntariado\\\/aprendizaje-servicio\\\/\"]}]},{\"@type\":\"BreadcrumbList\",\"@id\":\"https:\\\/\\\/ampans.cat\\\/es\\\/colabora\\\/voluntariado\\\/aprendizaje-servicio\\\/#breadcrumb\",\"itemListElement\":[{\"@type\":\"ListItem\",\"position\":1,\"name\":\"Home\",\"item\":\"https:\\\/\\\/ampans.cat\\\/es\\\/\"},{\"@type\":\"ListItem\",\"position\":2,\"name\":\"Colabora\",\"item\":\"https:\\\/\\\/ampans.cat\\\/es\\\/colabora\\\/\"},{\"@type\":\"ListItem\",\"position\":3,\"name\":\"Voluntariado\",\"item\":\"https:\\\/\\\/ampans.cat\\\/es\\\/colabora\\\/voluntariado\\\/\"},{\"@type\":\"ListItem\",\"position\":4,\"name\":\"Aprendizaje y servicio\"}]},{\"@type\":\"WebSite\",\"@id\":\"https:\\\/\\\/ampans.cat\\\/es\\\/#website\",\"url\":\"https:\\\/\\\/ampans.cat\\\/es\\\/\",\"name\":\"AMPANS\",\"description\":\"\",\"publisher\":{\"@id\":\"https:\\\/\\\/ampans.cat\\\/es\\\/#organization\"},\"potentialAction\":[{\"@type\":\"SearchAction\",\"target\":{\"@type\":\"EntryPoint\",\"urlTemplate\":\"https:\\\/\\\/ampans.cat\\\/es\\\/?s={search_term_string}\"},\"query-input\":{\"@type\":\"PropertyValueSpecification\",\"valueRequired\":true,\"valueName\":\"search_term_string\"}}],\"inLanguage\":\"es\"},{\"@type\":\"Organization\",\"@id\":\"https:\\\/\\\/ampans.cat\\\/es\\\/#organization\",\"name\":\"AMPANS\",\"url\":\"https:\\\/\\\/ampans.cat\\\/es\\\/\",\"logo\":{\"@type\":\"ImageObject\",\"inLanguage\":\"es\",\"@id\":\"https:\\\/\\\/ampans.cat\\\/es\\\/#\\\/schema\\\/logo\\\/image\\\/\",\"url\":\"https:\\\/\\\/ampans.cat\\\/wp-content\\\/uploads\\\/2022\\\/06\\\/animat-ampans-big.gif\",\"contentUrl\":\"https:\\\/\\\/ampans.cat\\\/wp-content\\\/uploads\\\/2022\\\/06\\\/animat-ampans-big.gif\",\"width\":1200,\"height\":312,\"caption\":\"AMPANS\"},\"image\":{\"@id\":\"https:\\\/\\\/ampans.cat\\\/es\\\/#\\\/schema\\\/logo\\\/image\\\/\"}}]}<\/script>\n<!-- \/ Yoast SEO plugin. -->","yoast_head_json":{"title":"Voluntariado en Centros Educativos para Concientizaci\u00f3n","description":"A trav\u00e9s de talleres, jornadas y charlas ofrecidas por nuestros j\u00f3venes, planteamos opciones de voluntariado en escuelas, institutos y universidades \u00a1S\u00famate!","robots":{"index":"index","follow":"follow","max-snippet":"max-snippet:-1","max-image-preview":"max-image-preview:large","max-video-preview":"max-video-preview:-1"},"canonical":"https:\/\/ampans.cat\/es\/colabora\/voluntariado\/aprendizaje-servicio\/","og_locale":"es_ES","og_type":"article","og_title":"Voluntariado en Centros Educativos para Concientizaci\u00f3n","og_description":"A trav\u00e9s de talleres, jornadas y charlas ofrecidas por nuestros j\u00f3venes, planteamos opciones de voluntariado en escuelas, institutos y universidades \u00a1S\u00famate!","og_url":"https:\/\/ampans.cat\/es\/colabora\/voluntariado\/aprendizaje-servicio\/","og_site_name":"AMPANS","article_modified_time":"2022-05-03T09:49:26+00:00","twitter_card":"summary_large_image","schema":{"@context":"https:\/\/schema.org","@graph":[{"@type":"WebPage","@id":"https:\/\/ampans.cat\/es\/colabora\/voluntariado\/aprendizaje-servicio\/","url":"https:\/\/ampans.cat\/es\/colabora\/voluntariado\/aprendizaje-servicio\/","name":"Voluntariado en Centros Educativos para Concientizaci\u00f3n","isPartOf":{"@id":"https:\/\/ampans.cat\/es\/#website"},"datePublished":"2022-03-28T15:18:01+00:00","dateModified":"2022-05-03T09:49:26+00:00","description":"A trav\u00e9s de talleres, jornadas y charlas ofrecidas por nuestros j\u00f3venes, planteamos opciones de voluntariado en escuelas, institutos y universidades \u00a1S\u00famate!","breadcrumb":{"@id":"https:\/\/ampans.cat\/es\/colabora\/voluntariado\/aprendizaje-servicio\/#breadcrumb"},"inLanguage":"es","potentialAction":[{"@type":"ReadAction","target":["https:\/\/ampans.cat\/es\/colabora\/voluntariado\/aprendizaje-servicio\/"]}]},{"@type":"BreadcrumbList","@id":"https:\/\/ampans.cat\/es\/colabora\/voluntariado\/aprendizaje-servicio\/#breadcrumb","itemListElement":[{"@type":"ListItem","position":1,"name":"Home","item":"https:\/\/ampans.cat\/es\/"},{"@type":"ListItem","position":2,"name":"Colabora","item":"https:\/\/ampans.cat\/es\/colabora\/"},{"@type":"ListItem","position":3,"name":"Voluntariado","item":"https:\/\/ampans.cat\/es\/colabora\/voluntariado\/"},{"@type":"ListItem","position":4,"name":"Aprendizaje y servicio"}]},{"@type":"WebSite","@id":"https:\/\/ampans.cat\/es\/#website","url":"https:\/\/ampans.cat\/es\/","name":"AMPANS","description":"","publisher":{"@id":"https:\/\/ampans.cat\/es\/#organization"},"potentialAction":[{"@type":"SearchAction","target":{"@type":"EntryPoint","urlTemplate":"https:\/\/ampans.cat\/es\/?s={search_term_string}"},"query-input":{"@type":"PropertyValueSpecification","valueRequired":true,"valueName":"search_term_string"}}],"inLanguage":"es"},{"@type":"Organization","@id":"https:\/\/ampans.cat\/es\/#organization","name":"AMPANS","url":"https:\/\/ampans.cat\/es\/","logo":{"@type":"ImageObject","inLanguage":"es","@id":"https:\/\/ampans.cat\/es\/#\/schema\/logo\/image\/","url":"https:\/\/ampans.cat\/wp-content\/uploads\/2022\/06\/animat-ampans-big.gif","contentUrl":"https:\/\/ampans.cat\/wp-content\/uploads\/2022\/06\/animat-ampans-big.gif","width":1200,"height":312,"caption":"AMPANS"},"image":{"@id":"https:\/\/ampans.cat\/es\/#\/schema\/logo\/image\/"}}]}},"_links":{"self":[{"href":"https:\/\/ampans.cat\/es\/wp-json\/wp\/v2\/pages\/5974","targetHints":{"allow":["GET"]}}],"collection":[{"href":"https:\/\/ampans.cat\/es\/wp-json\/wp\/v2\/pages"}],"about":[{"href":"https:\/\/ampans.cat\/es\/wp-json\/wp\/v2\/types\/page"}],"author":[{"embeddable":true,"href":"https:\/\/ampans.cat\/es\/wp-json\/wp\/v2\/users\/16"}],"replies":[{"embeddable":true,"href":"https:\/\/ampans.cat\/es\/wp-json\/wp\/v2\/comments?post=5974"}],"version-history":[{"count":5,"href":"https:\/\/ampans.cat\/es\/wp-json\/wp\/v2\/pages\/5974\/revisions"}],"predecessor-version":[{"id":17438,"href":"https:\/\/ampans.cat\/es\/wp-json\/wp\/v2\/pages\/5974\/revisions\/17438"}],"up":[{"embeddable":true,"href":"https:\/\/ampans.cat\/es\/wp-json\/wp\/v2\/pages\/1888"}],"wp:attachment":[{"href":"https:\/\/ampans.cat\/es\/wp-json\/wp\/v2\/media?parent=5974"}],"wp:term":[{"taxonomy":"tipus_de_pagina","embeddable":true,"href":"https:\/\/ampans.cat\/es\/wp-json\/wp\/v2\/tipus_de_pagina?post=5974"},{"taxonomy":"ambits_principals","embeddable":true,"href":"https:\/\/ampans.cat\/es\/wp-json\/wp\/v2\/ambits_principals?post=5974"},{"taxonomy":"edat","embeddable":true,"href":"https:\/\/ampans.cat\/es\/wp-json\/wp\/v2\/edat?post=5974"},{"taxonomy":"situacio_laboral","embeddable":true,"href":"https:\/\/ampans.cat\/es\/wp-json\/wp\/v2\/situacio_laboral?post=5974"},{"taxonomy":"tipus_formacio","embeddable":true,"href":"https:\/\/ampans.cat\/es\/wp-json\/wp\/v2\/tipus_formacio?post=5974"},{"taxonomy":"itineraris","embeddable":true,"href":"https:\/\/ampans.cat\/es\/wp-json\/wp\/v2\/itineraris?post=5974"}],"curies":[{"name":"wp","href":"https:\/\/api.w.org\/{rel}","templated":true}]}}