{"id":41987,"date":"2025-04-16T16:14:04","date_gmt":"2025-04-16T14:14:04","guid":{"rendered":"https:\/\/ampans.cat\/?page_id=41987"},"modified":"2025-07-31T12:40:10","modified_gmt":"2025-07-31T10:40:10","slug":"icaria-graficas","status":"publish","type":"page","link":"https:\/\/ampans.cat\/es\/servicios-empresas\/icaria-graficas\/","title":{"rendered":"Ic\u00e0ria Gr\u00e0fiques"},"content":{"rendered":"","protected":false},"excerpt":{"rendered":"","protected":false},"author":10,"featured_media":42007,"parent":1322,"menu_order":0,"comment_status":"closed","ping_status":"closed","template":"template\/d-suports-sub-page.php","meta":{"_acf_changed":false,"inline_featured_image":false,"footnotes":""},"tipus_de_pagina":[],"ambits_principals":[132],"edat":[],"situacio_laboral":[],"tipus_formacio":[],"itineraris":[],"class_list":["post-41987","page","type-page","status-publish","has-post-thumbnail","hentry","ambits_principals-economia-social-i-treball-es"],"acf":[],"yoast_head":"<!-- This site is optimized with the Yoast SEO plugin v27.4 - https:\/\/yoast.com\/product\/yoast-seo-wordpress\/ -->\n<title>Icaria Gr\u00e1ficas | AMPANS<\/title>\n<meta name=\"description\" content=\"Impresi\u00f3n profesional con impacto social. Offset, digital, serigraf\u00eda, tampograf\u00eda, estampaci\u00f3n textil y packaging con calidad, sostenibilidad y asesoramiento experto.\" \/>\n<meta name=\"robots\" content=\"index, follow, max-snippet:-1, max-image-preview:large, max-video-preview:-1\" \/>\n<link rel=\"canonical\" href=\"https:\/\/ampans.cat\/es\/servicios-empresas\/icaria-graficas\/\" \/>\n<meta property=\"og:locale\" content=\"es_ES\" \/>\n<meta property=\"og:type\" content=\"article\" \/>\n<meta property=\"og:title\" content=\"Icaria Gr\u00e1ficas | AMPANS\" \/>\n<meta property=\"og:description\" content=\"Impresi\u00f3n profesional con impacto social. Offset, digital, serigraf\u00eda, tampograf\u00eda, estampaci\u00f3n textil y packaging con calidad, sostenibilidad y asesoramiento experto.\" \/>\n<meta property=\"og:url\" content=\"https:\/\/ampans.cat\/es\/servicios-empresas\/icaria-graficas\/\" \/>\n<meta property=\"og:site_name\" content=\"AMPANS\" \/>\n<meta property=\"article:modified_time\" content=\"2025-07-31T10:40:10+00:00\" \/>\n<meta property=\"og:image\" content=\"https:\/\/ampans.cat\/wp-content\/uploads\/2025\/02\/icaria_graficas-2.jpg\" \/>\n\t<meta property=\"og:image:width\" content=\"1280\" \/>\n\t<meta property=\"og:image:height\" content=\"1706\" \/>\n\t<meta property=\"og:image:type\" content=\"image\/jpeg\" \/>\n<meta name=\"twitter:card\" content=\"summary_large_image\" \/>\n<meta name=\"twitter:label1\" content=\"Tiempo de lectura\" \/>\n\t<meta name=\"twitter:data1\" content=\"1 minuto\" \/>\n<script type=\"application\/ld+json\" class=\"yoast-schema-graph\">{\"@context\":\"https:\\\/\\\/schema.org\",\"@graph\":[{\"@type\":\"WebPage\",\"@id\":\"https:\\\/\\\/ampans.cat\\\/es\\\/servicios-empresas\\\/icaria-graficas\\\/\",\"url\":\"https:\\\/\\\/ampans.cat\\\/es\\\/servicios-empresas\\\/icaria-graficas\\\/\",\"name\":\"Icaria Gr\u00e1ficas | AMPANS\",\"isPartOf\":{\"@id\":\"https:\\\/\\\/ampans.cat\\\/es\\\/#website\"},\"primaryImageOfPage\":{\"@id\":\"https:\\\/\\\/ampans.cat\\\/es\\\/servicios-empresas\\\/icaria-graficas\\\/#primaryimage\"},\"image\":{\"@id\":\"https:\\\/\\\/ampans.cat\\\/es\\\/servicios-empresas\\\/icaria-graficas\\\/#primaryimage\"},\"thumbnailUrl\":\"https:\\\/\\\/ampans.cat\\\/wp-content\\\/uploads\\\/2025\\\/02\\\/icaria_graficas-2.jpg\",\"datePublished\":\"2025-04-16T14:14:04+00:00\",\"dateModified\":\"2025-07-31T10:40:10+00:00\",\"description\":\"Impresi\u00f3n profesional con impacto social. Offset, digital, serigraf\u00eda, tampograf\u00eda, estampaci\u00f3n textil y packaging con calidad, sostenibilidad y asesoramiento experto.\",\"breadcrumb\":{\"@id\":\"https:\\\/\\\/ampans.cat\\\/es\\\/servicios-empresas\\\/icaria-graficas\\\/#breadcrumb\"},\"inLanguage\":\"es\",\"potentialAction\":[{\"@type\":\"ReadAction\",\"target\":[\"https:\\\/\\\/ampans.cat\\\/es\\\/servicios-empresas\\\/icaria-graficas\\\/\"]}]},{\"@type\":\"ImageObject\",\"inLanguage\":\"es\",\"@id\":\"https:\\\/\\\/ampans.cat\\\/es\\\/servicios-empresas\\\/icaria-graficas\\\/#primaryimage\",\"url\":\"https:\\\/\\\/ampans.cat\\\/wp-content\\\/uploads\\\/2025\\\/02\\\/icaria_graficas-2.jpg\",\"contentUrl\":\"https:\\\/\\\/ampans.cat\\\/wp-content\\\/uploads\\\/2025\\\/02\\\/icaria_graficas-2.jpg\",\"width\":1280,\"height\":1706},{\"@type\":\"BreadcrumbList\",\"@id\":\"https:\\\/\\\/ampans.cat\\\/es\\\/servicios-empresas\\\/icaria-graficas\\\/#breadcrumb\",\"itemListElement\":[{\"@type\":\"ListItem\",\"position\":1,\"name\":\"Home\",\"item\":\"https:\\\/\\\/ampans.cat\\\/es\\\/\"},{\"@type\":\"ListItem\",\"position\":2,\"name\":\"Servicios a empresas\",\"item\":\"https:\\\/\\\/ampans.cat\\\/es\\\/servicios-empresas\\\/\"},{\"@type\":\"ListItem\",\"position\":3,\"name\":\"Ic\u00e0ria Gr\u00e0fiques\"}]},{\"@type\":\"WebSite\",\"@id\":\"https:\\\/\\\/ampans.cat\\\/es\\\/#website\",\"url\":\"https:\\\/\\\/ampans.cat\\\/es\\\/\",\"name\":\"AMPANS\",\"description\":\"\",\"publisher\":{\"@id\":\"https:\\\/\\\/ampans.cat\\\/es\\\/#organization\"},\"potentialAction\":[{\"@type\":\"SearchAction\",\"target\":{\"@type\":\"EntryPoint\",\"urlTemplate\":\"https:\\\/\\\/ampans.cat\\\/es\\\/?s={search_term_string}\"},\"query-input\":{\"@type\":\"PropertyValueSpecification\",\"valueRequired\":true,\"valueName\":\"search_term_string\"}}],\"inLanguage\":\"es\"},{\"@type\":\"Organization\",\"@id\":\"https:\\\/\\\/ampans.cat\\\/es\\\/#organization\",\"name\":\"AMPANS\",\"url\":\"https:\\\/\\\/ampans.cat\\\/es\\\/\",\"logo\":{\"@type\":\"ImageObject\",\"inLanguage\":\"es\",\"@id\":\"https:\\\/\\\/ampans.cat\\\/es\\\/#\\\/schema\\\/logo\\\/image\\\/\",\"url\":\"https:\\\/\\\/ampans.cat\\\/wp-content\\\/uploads\\\/2022\\\/06\\\/animat-ampans-big.gif\",\"contentUrl\":\"https:\\\/\\\/ampans.cat\\\/wp-content\\\/uploads\\\/2022\\\/06\\\/animat-ampans-big.gif\",\"width\":1200,\"height\":312,\"caption\":\"AMPANS\"},\"image\":{\"@id\":\"https:\\\/\\\/ampans.cat\\\/es\\\/#\\\/schema\\\/logo\\\/image\\\/\"}}]}<\/script>\n<!-- \/ Yoast SEO plugin. -->","yoast_head_json":{"title":"Icaria Gr\u00e1ficas | AMPANS","description":"Impresi\u00f3n profesional con impacto social. Offset, digital, serigraf\u00eda, tampograf\u00eda, estampaci\u00f3n textil y packaging con calidad, sostenibilidad y asesoramiento experto.","robots":{"index":"index","follow":"follow","max-snippet":"max-snippet:-1","max-image-preview":"max-image-preview:large","max-video-preview":"max-video-preview:-1"},"canonical":"https:\/\/ampans.cat\/es\/servicios-empresas\/icaria-graficas\/","og_locale":"es_ES","og_type":"article","og_title":"Icaria Gr\u00e1ficas | AMPANS","og_description":"Impresi\u00f3n profesional con impacto social. Offset, digital, serigraf\u00eda, tampograf\u00eda, estampaci\u00f3n textil y packaging con calidad, sostenibilidad y asesoramiento experto.","og_url":"https:\/\/ampans.cat\/es\/servicios-empresas\/icaria-graficas\/","og_site_name":"AMPANS","article_modified_time":"2025-07-31T10:40:10+00:00","og_image":[{"width":1280,"height":1706,"url":"https:\/\/ampans.cat\/wp-content\/uploads\/2025\/02\/icaria_graficas-2.jpg","type":"image\/jpeg"}],"twitter_card":"summary_large_image","twitter_misc":{"Tiempo de lectura":"1 minuto"},"schema":{"@context":"https:\/\/schema.org","@graph":[{"@type":"WebPage","@id":"https:\/\/ampans.cat\/es\/servicios-empresas\/icaria-graficas\/","url":"https:\/\/ampans.cat\/es\/servicios-empresas\/icaria-graficas\/","name":"Icaria Gr\u00e1ficas | AMPANS","isPartOf":{"@id":"https:\/\/ampans.cat\/es\/#website"},"primaryImageOfPage":{"@id":"https:\/\/ampans.cat\/es\/servicios-empresas\/icaria-graficas\/#primaryimage"},"image":{"@id":"https:\/\/ampans.cat\/es\/servicios-empresas\/icaria-graficas\/#primaryimage"},"thumbnailUrl":"https:\/\/ampans.cat\/wp-content\/uploads\/2025\/02\/icaria_graficas-2.jpg","datePublished":"2025-04-16T14:14:04+00:00","dateModified":"2025-07-31T10:40:10+00:00","description":"Impresi\u00f3n profesional con impacto social. Offset, digital, serigraf\u00eda, tampograf\u00eda, estampaci\u00f3n textil y packaging con calidad, sostenibilidad y asesoramiento experto.","breadcrumb":{"@id":"https:\/\/ampans.cat\/es\/servicios-empresas\/icaria-graficas\/#breadcrumb"},"inLanguage":"es","potentialAction":[{"@type":"ReadAction","target":["https:\/\/ampans.cat\/es\/servicios-empresas\/icaria-graficas\/"]}]},{"@type":"ImageObject","inLanguage":"es","@id":"https:\/\/ampans.cat\/es\/servicios-empresas\/icaria-graficas\/#primaryimage","url":"https:\/\/ampans.cat\/wp-content\/uploads\/2025\/02\/icaria_graficas-2.jpg","contentUrl":"https:\/\/ampans.cat\/wp-content\/uploads\/2025\/02\/icaria_graficas-2.jpg","width":1280,"height":1706},{"@type":"BreadcrumbList","@id":"https:\/\/ampans.cat\/es\/servicios-empresas\/icaria-graficas\/#breadcrumb","itemListElement":[{"@type":"ListItem","position":1,"name":"Home","item":"https:\/\/ampans.cat\/es\/"},{"@type":"ListItem","position":2,"name":"Servicios a empresas","item":"https:\/\/ampans.cat\/es\/servicios-empresas\/"},{"@type":"ListItem","position":3,"name":"Ic\u00e0ria Gr\u00e0fiques"}]},{"@type":"WebSite","@id":"https:\/\/ampans.cat\/es\/#website","url":"https:\/\/ampans.cat\/es\/","name":"AMPANS","description":"","publisher":{"@id":"https:\/\/ampans.cat\/es\/#organization"},"potentialAction":[{"@type":"SearchAction","target":{"@type":"EntryPoint","urlTemplate":"https:\/\/ampans.cat\/es\/?s={search_term_string}"},"query-input":{"@type":"PropertyValueSpecification","valueRequired":true,"valueName":"search_term_string"}}],"inLanguage":"es"},{"@type":"Organization","@id":"https:\/\/ampans.cat\/es\/#organization","name":"AMPANS","url":"https:\/\/ampans.cat\/es\/","logo":{"@type":"ImageObject","inLanguage":"es","@id":"https:\/\/ampans.cat\/es\/#\/schema\/logo\/image\/","url":"https:\/\/ampans.cat\/wp-content\/uploads\/2022\/06\/animat-ampans-big.gif","contentUrl":"https:\/\/ampans.cat\/wp-content\/uploads\/2022\/06\/animat-ampans-big.gif","width":1200,"height":312,"caption":"AMPANS"},"image":{"@id":"https:\/\/ampans.cat\/es\/#\/schema\/logo\/image\/"}}]}},"_links":{"self":[{"href":"https:\/\/ampans.cat\/es\/wp-json\/wp\/v2\/pages\/41987","targetHints":{"allow":["GET"]}}],"collection":[{"href":"https:\/\/ampans.cat\/es\/wp-json\/wp\/v2\/pages"}],"about":[{"href":"https:\/\/ampans.cat\/es\/wp-json\/wp\/v2\/types\/page"}],"author":[{"embeddable":true,"href":"https:\/\/ampans.cat\/es\/wp-json\/wp\/v2\/users\/10"}],"replies":[{"embeddable":true,"href":"https:\/\/ampans.cat\/es\/wp-json\/wp\/v2\/comments?post=41987"}],"version-history":[{"count":7,"href":"https:\/\/ampans.cat\/es\/wp-json\/wp\/v2\/pages\/41987\/revisions"}],"predecessor-version":[{"id":44403,"href":"https:\/\/ampans.cat\/es\/wp-json\/wp\/v2\/pages\/41987\/revisions\/44403"}],"up":[{"embeddable":true,"href":"https:\/\/ampans.cat\/es\/wp-json\/wp\/v2\/pages\/1322"}],"wp:featuredmedia":[{"embeddable":true,"href":"https:\/\/ampans.cat\/es\/wp-json\/wp\/v2\/media\/42007"}],"wp:attachment":[{"href":"https:\/\/ampans.cat\/es\/wp-json\/wp\/v2\/media?parent=41987"}],"wp:term":[{"taxonomy":"tipus_de_pagina","embeddable":true,"href":"https:\/\/ampans.cat\/es\/wp-json\/wp\/v2\/tipus_de_pagina?post=41987"},{"taxonomy":"ambits_principals","embeddable":true,"href":"https:\/\/ampans.cat\/es\/wp-json\/wp\/v2\/ambits_principals?post=41987"},{"taxonomy":"edat","embeddable":true,"href":"https:\/\/ampans.cat\/es\/wp-json\/wp\/v2\/edat?post=41987"},{"taxonomy":"situacio_laboral","embeddable":true,"href":"https:\/\/ampans.cat\/es\/wp-json\/wp\/v2\/situacio_laboral?post=41987"},{"taxonomy":"tipus_formacio","embeddable":true,"href":"https:\/\/ampans.cat\/es\/wp-json\/wp\/v2\/tipus_formacio?post=41987"},{"taxonomy":"itineraris","embeddable":true,"href":"https:\/\/ampans.cat\/es\/wp-json\/wp\/v2\/itineraris?post=41987"}],"curies":[{"name":"wp","href":"https:\/\/api.w.org\/{rel}","templated":true}]}}