{"id":22489,"date":"2024-02-27T17:40:31","date_gmt":"2024-02-27T15:40:31","guid":{"rendered":"https:\/\/ampans.cat\/?page_id=22489"},"modified":"2025-03-19T18:07:03","modified_gmt":"2025-03-19T16:07:03","slug":"jornadas-catalogo","status":"publish","type":"page","link":"https:\/\/ampans.cat\/es\/jornadas-catalogo\/","title":{"rendered":"Jornadas"},"content":{"rendered":"<h3><strong>D\u00e9janos tus datos para acceder al cat\u00e1logo.<\/strong><\/h3>\n<p>&nbsp;<\/p>\n<p>&nbsp;<\/p>\n\n<div class=\"wpcf7 no-js\" id=\"wpcf7-f42439-o1\" lang=\"es-ES\" dir=\"ltr\" data-wpcf7-id=\"42439\">\n<div class=\"screen-reader-response\"><p role=\"status\" aria-live=\"polite\" aria-atomic=\"true\"><\/p> <ul><\/ul><\/div>\n<form action=\"\/es\/wp-json\/wp\/v2\/pages\/22489#wpcf7-f42439-o1\" method=\"post\" class=\"wpcf7-form init\" aria-label=\"Formulario de contacto\" novalidate=\"novalidate\" data-status=\"init\">\n<fieldset class=\"hidden-fields-container\"><input type=\"hidden\" name=\"_wpcf7\" value=\"42439\" \/><input type=\"hidden\" name=\"_wpcf7_version\" value=\"6.1.5\" \/><input type=\"hidden\" name=\"_wpcf7_locale\" value=\"es_ES\" \/><input type=\"hidden\" name=\"_wpcf7_unit_tag\" value=\"wpcf7-f42439-o1\" \/><input type=\"hidden\" name=\"_wpcf7_container_post\" value=\"0\" \/><input type=\"hidden\" name=\"_wpcf7_posted_data_hash\" value=\"\" \/><input type=\"hidden\" name=\"_wpcf7cf_hidden_group_fields\" value=\"[]\" \/><input type=\"hidden\" name=\"_wpcf7cf_hidden_groups\" value=\"[]\" \/><input type=\"hidden\" name=\"_wpcf7cf_visible_groups\" value=\"[]\" \/><input type=\"hidden\" name=\"_wpcf7cf_repeaters\" value=\"[]\" \/><input type=\"hidden\" name=\"_wpcf7cf_steps\" value=\"{}\" \/><input type=\"hidden\" name=\"_wpcf7cf_options\" value=\"{&quot;form_id&quot;:42439,&quot;conditions&quot;:[],&quot;settings&quot;:{&quot;animation&quot;:&quot;yes&quot;,&quot;animation_intime&quot;:200,&quot;animation_outtime&quot;:200,&quot;conditions_ui&quot;:&quot;normal&quot;,&quot;notice_dismissed&quot;:false}}\" \/><input type=\"hidden\" name=\"_wpcf7_recaptcha_response\" value=\"\" \/>\n<\/fieldset>\n<div class=\"form-landing\">\n\t<div class=\"row mb-48\">\n\t\t<div class=\"col-md-6 pe-md-5\">\n\t\t\t<p><span class=\"wpcf7-form-control-wrap\" data-name=\"nom\"><input size=\"40\" maxlength=\"400\" class=\"wpcf7-form-control wpcf7-text wpcf7-validates-as-required\" autocomplete=\"name\" aria-required=\"true\" aria-invalid=\"false\" placeholder=\"Nombre*\" value=\"\" type=\"text\" name=\"nom\" \/><\/span><br \/>\n\t\t\t<input class=\"wpcf7-form-control wpcf7-hidden\" value=\"Form Whatsapp\" type=\"hidden\" name=\"your-subject\" \/>\n\t\t\t<\/p>\n\t\t<\/div>\n\t\t<div class=\"col-md-6 ps-md-5\">\n\t\t\t<p><span class=\"wpcf7-form-control-wrap\" data-name=\"cognoms\"><input size=\"40\" maxlength=\"400\" class=\"wpcf7-form-control wpcf7-text wpcf7-validates-as-required\" autocomplete=\"name\" aria-required=\"true\" aria-invalid=\"false\" placeholder=\"Apellidos*\" value=\"\" type=\"text\" name=\"cognoms\" \/><\/span>\n\t\t\t<\/p>\n\t\t<\/div>\n\t<\/div>\n\t<div class=\"row mb-48\">\n\t\t<div class=\"col-md-6 pe-md-5\">\n\t\t\t<p><span class=\"wpcf7-form-control-wrap\" data-name=\"email\"><input size=\"40\" maxlength=\"400\" class=\"wpcf7-form-control wpcf7-email wpcf7-validates-as-required wpcf7-text wpcf7-validates-as-email\" autocomplete=\"email\" aria-required=\"true\" aria-invalid=\"false\" placeholder=\"Correo electr\u00f3nico*\" value=\"\" type=\"email\" name=\"email\" \/><\/span>\n\t\t\t<\/p>\n\t\t<\/div>\n\t\t<div class=\"col-md-6 ps-md-5\">\n\t\t\t<p><span class=\"wpcf7-form-control-wrap\" data-name=\"empresa\"><input size=\"40\" maxlength=\"400\" class=\"wpcf7-form-control wpcf7-text wpcf7-validates-as-required\" aria-required=\"true\" aria-invalid=\"false\" placeholder=\"Empresa*\" value=\"\" type=\"text\" name=\"empresa\" \/><\/span>\n\t\t\t<\/p>\n\t\t<\/div>\n\t<\/div>\n<input class=\"wpcf7-form-control wpcf7-hidden\" id=\"form-jornades-language\" value=\"\" type=\"hidden\" name=\"form-jornades-language\" \/>\n\t<div class=\"row nopadding legal\">\n\t\t<div class=\"col-md-12 nopadding\">\n\t\t\t<p><b>Fundaci\u00f3 AMPANS<\/b> como responsable del tratamiento tratar\u00e1 tus datos con la finalidad de dar respuesta a su consulta o petici\u00f3n. Puedes acceder, rectificar y suprimir tus datos, as\u00ed como ejercer otros derechos consultando la informaci\u00f3n adicional y detallada sobre la protecci\u00f3n de datos de nuestra <a href=\"\/politica-privacidad\/\">Pol\u00edtica de Privacidad.<\/a>\n\t\t\t<\/p>\n\t\t\t<div class=\"accept accept-field\">\n\t\t\t\t<p><span class=\"wpcf7-form-control-wrap\" data-name=\"accept_cont4\"><span class=\"wpcf7-form-control wpcf7-acceptance\"><span class=\"wpcf7-list-item\"><label><input type=\"checkbox\" name=\"accept_cont4\" value=\"1\" id=\"accept_cont4\" aria-invalid=\"false\" \/><span class=\"wpcf7-list-item-label\"><span class=\"not-padd\"><div class=\"text-acept\">He le\u00eddo y acepto las condiciones contenidas en la <a href=\"\/politica-de-privacitat\">pol\u00edtica de privacitat<\/a>.<\/div><\/span><\/span><\/label><\/span><\/span><\/span>\n\t\t\t\t<\/p>\n\t\t\t<\/div>\n\t\t\t<div class=\"accept accept-field\">\n\t\t\t\t<p><span class=\"wpcf7-form-control-wrap\" data-name=\"accept_cont5\"><span class=\"wpcf7-form-control wpcf7-acceptance optional\"><span class=\"wpcf7-list-item\"><label><input type=\"checkbox\" name=\"accept_cont5\" value=\"1\" id=\"accept_cont5\" aria-invalid=\"false\" \/><span class=\"wpcf7-list-item-label\"><span class=\"not-padd\"><div class=\"text-acept\">He le\u00eddo y acepto recibir informaci\u00f3n comercial sobre los productos, servicios, novedades de <b>FUNDACI\u00d3 AMPANS<\/b>.<\/div><\/span><\/span><\/label><\/span><\/span><\/span>\n\t\t\t\t<\/p>\n\t\t\t<\/div>\n\t\t\t<div class=\"form-submit-wrapper  zoho-form-jornades\">\n\t\t\t\t<p><input class=\"wpcf7-form-control wpcf7-submit has-spinner\" type=\"submit\" value=\"Enviar\" \/><br \/>\n<img decoding=\"async\" src=\"\/wp-content\/themes\/ampans\/assets\/img\/arrow-right-icon-white.svg\" alt=\"\" \/>\n\t\t\t\t<\/p>\n\t\t\t<\/div>\n\t\t<\/div>\n\t<\/div>\n<\/div>\n<p  id=\"zoho-form-jornades\" style=\"color: red;\">\n<\/p>\n<p  id=\"zoho-form-jornades-alert-success\" style=\"color: green;\">\n<\/p><input type='hidden' class='wpcf7-pum' value='{\"closepopup\":false,\"closedelay\":0,\"openpopup\":false,\"openpopup_id\":0}' \/><div class=\"wpcf7-response-output\" aria-hidden=\"true\"><\/div>\n<\/form>\n<\/div>\n\n","protected":false},"excerpt":{"rendered":"<p>D\u00e9janos tus datos para acceder al cat\u00e1logo. &nbsp; &nbsp;<\/p>\n","protected":false},"author":26,"featured_media":0,"parent":0,"menu_order":0,"comment_status":"closed","ping_status":"closed","template":"","meta":{"_acf_changed":false,"inline_featured_image":false,"footnotes":""},"tipus_de_pagina":[],"ambits_principals":[],"edat":[],"situacio_laboral":[],"tipus_formacio":[],"itineraris":[],"class_list":["post-22489","page","type-page","status-publish","hentry"],"acf":[],"yoast_head":"<!-- This site is optimized with the Yoast SEO plugin v27.4 - https:\/\/yoast.com\/product\/yoast-seo-wordpress\/ -->\n<title>Jornadas | AMPANS<\/title>\n<meta name=\"description\" content=\"Descubre el cat\u00e1logo de experiencias para empresa de la fundaci\u00f3n AMPANS\" \/>\n<meta name=\"robots\" content=\"index, follow, max-snippet:-1, max-image-preview:large, max-video-preview:-1\" \/>\n<link rel=\"canonical\" href=\"https:\/\/ampans.cat\/es\/jornadas-catalogo\/\" \/>\n<meta property=\"og:locale\" content=\"es_ES\" \/>\n<meta property=\"og:type\" content=\"article\" \/>\n<meta property=\"og:title\" content=\"Jornadas | AMPANS\" \/>\n<meta property=\"og:description\" content=\"Descubre el cat\u00e1logo de experiencias para empresa de la fundaci\u00f3n AMPANS\" \/>\n<meta property=\"og:url\" content=\"https:\/\/ampans.cat\/es\/jornadas-catalogo\/\" \/>\n<meta property=\"og:site_name\" content=\"AMPANS\" \/>\n<meta property=\"article:modified_time\" content=\"2025-03-19T16:07:03+00:00\" \/>\n<meta name=\"twitter:card\" content=\"summary_large_image\" \/>\n<meta name=\"twitter:label1\" content=\"Tiempo de lectura\" \/>\n\t<meta name=\"twitter:data1\" content=\"1 minuto\" \/>\n<script type=\"application\/ld+json\" class=\"yoast-schema-graph\">{\"@context\":\"https:\\\/\\\/schema.org\",\"@graph\":[{\"@type\":\"WebPage\",\"@id\":\"https:\\\/\\\/ampans.cat\\\/es\\\/jornadas-catalogo\\\/\",\"url\":\"https:\\\/\\\/ampans.cat\\\/es\\\/jornadas-catalogo\\\/\",\"name\":\"Jornadas | AMPANS\",\"isPartOf\":{\"@id\":\"https:\\\/\\\/ampans.cat\\\/es\\\/#website\"},\"datePublished\":\"2024-02-27T15:40:31+00:00\",\"dateModified\":\"2025-03-19T16:07:03+00:00\",\"description\":\"Descubre el cat\u00e1logo de experiencias para empresa de la fundaci\u00f3n AMPANS\",\"breadcrumb\":{\"@id\":\"https:\\\/\\\/ampans.cat\\\/es\\\/jornadas-catalogo\\\/#breadcrumb\"},\"inLanguage\":\"es\",\"potentialAction\":[{\"@type\":\"ReadAction\",\"target\":[\"https:\\\/\\\/ampans.cat\\\/es\\\/jornadas-catalogo\\\/\"]}]},{\"@type\":\"BreadcrumbList\",\"@id\":\"https:\\\/\\\/ampans.cat\\\/es\\\/jornadas-catalogo\\\/#breadcrumb\",\"itemListElement\":[{\"@type\":\"ListItem\",\"position\":1,\"name\":\"Home\",\"item\":\"https:\\\/\\\/ampans.cat\\\/es\\\/\"},{\"@type\":\"ListItem\",\"position\":2,\"name\":\"Jornadas\"}]},{\"@type\":\"WebSite\",\"@id\":\"https:\\\/\\\/ampans.cat\\\/es\\\/#website\",\"url\":\"https:\\\/\\\/ampans.cat\\\/es\\\/\",\"name\":\"AMPANS\",\"description\":\"\",\"publisher\":{\"@id\":\"https:\\\/\\\/ampans.cat\\\/es\\\/#organization\"},\"potentialAction\":[{\"@type\":\"SearchAction\",\"target\":{\"@type\":\"EntryPoint\",\"urlTemplate\":\"https:\\\/\\\/ampans.cat\\\/es\\\/?s={search_term_string}\"},\"query-input\":{\"@type\":\"PropertyValueSpecification\",\"valueRequired\":true,\"valueName\":\"search_term_string\"}}],\"inLanguage\":\"es\"},{\"@type\":\"Organization\",\"@id\":\"https:\\\/\\\/ampans.cat\\\/es\\\/#organization\",\"name\":\"AMPANS\",\"url\":\"https:\\\/\\\/ampans.cat\\\/es\\\/\",\"logo\":{\"@type\":\"ImageObject\",\"inLanguage\":\"es\",\"@id\":\"https:\\\/\\\/ampans.cat\\\/es\\\/#\\\/schema\\\/logo\\\/image\\\/\",\"url\":\"https:\\\/\\\/ampans.cat\\\/wp-content\\\/uploads\\\/2022\\\/06\\\/animat-ampans-big.gif\",\"contentUrl\":\"https:\\\/\\\/ampans.cat\\\/wp-content\\\/uploads\\\/2022\\\/06\\\/animat-ampans-big.gif\",\"width\":1200,\"height\":312,\"caption\":\"AMPANS\"},\"image\":{\"@id\":\"https:\\\/\\\/ampans.cat\\\/es\\\/#\\\/schema\\\/logo\\\/image\\\/\"}}]}<\/script>\n<!-- \/ Yoast SEO plugin. -->","yoast_head_json":{"title":"Jornadas | AMPANS","description":"Descubre el cat\u00e1logo de experiencias para empresa de la fundaci\u00f3n AMPANS","robots":{"index":"index","follow":"follow","max-snippet":"max-snippet:-1","max-image-preview":"max-image-preview:large","max-video-preview":"max-video-preview:-1"},"canonical":"https:\/\/ampans.cat\/es\/jornadas-catalogo\/","og_locale":"es_ES","og_type":"article","og_title":"Jornadas | AMPANS","og_description":"Descubre el cat\u00e1logo de experiencias para empresa de la fundaci\u00f3n AMPANS","og_url":"https:\/\/ampans.cat\/es\/jornadas-catalogo\/","og_site_name":"AMPANS","article_modified_time":"2025-03-19T16:07:03+00:00","twitter_card":"summary_large_image","twitter_misc":{"Tiempo de lectura":"1 minuto"},"schema":{"@context":"https:\/\/schema.org","@graph":[{"@type":"WebPage","@id":"https:\/\/ampans.cat\/es\/jornadas-catalogo\/","url":"https:\/\/ampans.cat\/es\/jornadas-catalogo\/","name":"Jornadas | AMPANS","isPartOf":{"@id":"https:\/\/ampans.cat\/es\/#website"},"datePublished":"2024-02-27T15:40:31+00:00","dateModified":"2025-03-19T16:07:03+00:00","description":"Descubre el cat\u00e1logo de experiencias para empresa de la fundaci\u00f3n AMPANS","breadcrumb":{"@id":"https:\/\/ampans.cat\/es\/jornadas-catalogo\/#breadcrumb"},"inLanguage":"es","potentialAction":[{"@type":"ReadAction","target":["https:\/\/ampans.cat\/es\/jornadas-catalogo\/"]}]},{"@type":"BreadcrumbList","@id":"https:\/\/ampans.cat\/es\/jornadas-catalogo\/#breadcrumb","itemListElement":[{"@type":"ListItem","position":1,"name":"Home","item":"https:\/\/ampans.cat\/es\/"},{"@type":"ListItem","position":2,"name":"Jornadas"}]},{"@type":"WebSite","@id":"https:\/\/ampans.cat\/es\/#website","url":"https:\/\/ampans.cat\/es\/","name":"AMPANS","description":"","publisher":{"@id":"https:\/\/ampans.cat\/es\/#organization"},"potentialAction":[{"@type":"SearchAction","target":{"@type":"EntryPoint","urlTemplate":"https:\/\/ampans.cat\/es\/?s={search_term_string}"},"query-input":{"@type":"PropertyValueSpecification","valueRequired":true,"valueName":"search_term_string"}}],"inLanguage":"es"},{"@type":"Organization","@id":"https:\/\/ampans.cat\/es\/#organization","name":"AMPANS","url":"https:\/\/ampans.cat\/es\/","logo":{"@type":"ImageObject","inLanguage":"es","@id":"https:\/\/ampans.cat\/es\/#\/schema\/logo\/image\/","url":"https:\/\/ampans.cat\/wp-content\/uploads\/2022\/06\/animat-ampans-big.gif","contentUrl":"https:\/\/ampans.cat\/wp-content\/uploads\/2022\/06\/animat-ampans-big.gif","width":1200,"height":312,"caption":"AMPANS"},"image":{"@id":"https:\/\/ampans.cat\/es\/#\/schema\/logo\/image\/"}}]}},"_links":{"self":[{"href":"https:\/\/ampans.cat\/es\/wp-json\/wp\/v2\/pages\/22489","targetHints":{"allow":["GET"]}}],"collection":[{"href":"https:\/\/ampans.cat\/es\/wp-json\/wp\/v2\/pages"}],"about":[{"href":"https:\/\/ampans.cat\/es\/wp-json\/wp\/v2\/types\/page"}],"author":[{"embeddable":true,"href":"https:\/\/ampans.cat\/es\/wp-json\/wp\/v2\/users\/26"}],"replies":[{"embeddable":true,"href":"https:\/\/ampans.cat\/es\/wp-json\/wp\/v2\/comments?post=22489"}],"version-history":[{"count":7,"href":"https:\/\/ampans.cat\/es\/wp-json\/wp\/v2\/pages\/22489\/revisions"}],"predecessor-version":[{"id":42442,"href":"https:\/\/ampans.cat\/es\/wp-json\/wp\/v2\/pages\/22489\/revisions\/42442"}],"wp:attachment":[{"href":"https:\/\/ampans.cat\/es\/wp-json\/wp\/v2\/media?parent=22489"}],"wp:term":[{"taxonomy":"tipus_de_pagina","embeddable":true,"href":"https:\/\/ampans.cat\/es\/wp-json\/wp\/v2\/tipus_de_pagina?post=22489"},{"taxonomy":"ambits_principals","embeddable":true,"href":"https:\/\/ampans.cat\/es\/wp-json\/wp\/v2\/ambits_principals?post=22489"},{"taxonomy":"edat","embeddable":true,"href":"https:\/\/ampans.cat\/es\/wp-json\/wp\/v2\/edat?post=22489"},{"taxonomy":"situacio_laboral","embeddable":true,"href":"https:\/\/ampans.cat\/es\/wp-json\/wp\/v2\/situacio_laboral?post=22489"},{"taxonomy":"tipus_formacio","embeddable":true,"href":"https:\/\/ampans.cat\/es\/wp-json\/wp\/v2\/tipus_formacio?post=22489"},{"taxonomy":"itineraris","embeddable":true,"href":"https:\/\/ampans.cat\/es\/wp-json\/wp\/v2\/itineraris?post=22489"}],"curies":[{"name":"wp","href":"https:\/\/api.w.org\/{rel}","templated":true}]}}