{"id":14639,"date":"2022-10-25T12:15:15","date_gmt":"2022-10-25T12:15:15","guid":{"rendered":"https:\/\/ampans.cat\/?page_id=14639"},"modified":"2026-03-12T17:29:17","modified_gmt":"2026-03-12T15:29:17","slug":"cp-actividades-auxiliares-en-viveros-jardines-y-centros-de-jardineria","status":"publish","type":"page","link":"https:\/\/ampans.cat\/es\/orientacion-formacion-empleo\/formacion-ocupacional\/cp-actividades-auxiliares-en-viveros-jardines-y-centros-de-jardineria\/","title":{"rendered":"CP &#8211; Actividades auxiliares en viveros, jardines y centros de jardiner\u00eda"},"content":{"rendered":"","protected":false},"excerpt":{"rendered":"","protected":false},"author":13,"featured_media":0,"parent":5478,"menu_order":0,"comment_status":"closed","ping_status":"closed","template":"template\/d-suports-sub-page.php","meta":{"_acf_changed":false,"inline_featured_image":false,"footnotes":""},"tipus_de_pagina":[],"ambits_principals":[],"edat":[134],"situacio_laboral":[135,136,137],"tipus_formacio":[138],"itineraris":[143],"class_list":["post-14639","page","type-page","status-publish","hentry","edat-de-16-a-24-es","situacio_laboral-actiu-es","situacio_laboral-aturat-es","situacio_laboral-erte-es","tipus_formacio-professionalitat-es","itineraris-agraria-es"],"acf":[],"yoast_head":"<!-- This site is optimized with the Yoast SEO plugin v27.4 - https:\/\/yoast.com\/product\/yoast-seo-wordpress\/ -->\n<title>Auxiliar de viveros, jardines y centros de jardiner\u00eda<\/title>\n<meta name=\"description\" content=\"Ap\u00fantate a este curso de Auxiliar de viveros, jardines y centros de jardiner\u00eda 100% subvencionado y gratuito. \u00a1Consigue tu certificado de profesionalidad!\" \/>\n<meta name=\"robots\" content=\"index, follow, max-snippet:-1, max-image-preview:large, max-video-preview:-1\" \/>\n<link rel=\"canonical\" href=\"https:\/\/ampans.cat\/es\/orientacion-formacion-empleo\/formacion-ocupacional\/cp-actividades-auxiliares-en-viveros-jardines-y-centros-de-jardineria\/\" \/>\n<meta property=\"og:locale\" content=\"es_ES\" \/>\n<meta property=\"og:type\" content=\"article\" \/>\n<meta property=\"og:title\" content=\"Auxiliar de viveros, jardines y centros de jardiner\u00eda\" \/>\n<meta property=\"og:description\" content=\"Ap\u00fantate a este curso de Auxiliar de viveros, jardines y centros de jardiner\u00eda 100% subvencionado y gratuito. \u00a1Consigue tu certificado de profesionalidad!\" \/>\n<meta property=\"og:url\" content=\"https:\/\/ampans.cat\/es\/orientacion-formacion-empleo\/formacion-ocupacional\/cp-actividades-auxiliares-en-viveros-jardines-y-centros-de-jardineria\/\" \/>\n<meta property=\"og:site_name\" content=\"AMPANS\" \/>\n<meta property=\"article:modified_time\" content=\"2026-03-12T15:29:17+00:00\" \/>\n<meta name=\"twitter:card\" content=\"summary_large_image\" \/>\n<script type=\"application\/ld+json\" class=\"yoast-schema-graph\">{\"@context\":\"https:\\\/\\\/schema.org\",\"@graph\":[{\"@type\":\"WebPage\",\"@id\":\"https:\\\/\\\/ampans.cat\\\/es\\\/orientacion-formacion-empleo\\\/formacion-ocupacional\\\/cp-actividades-auxiliares-en-viveros-jardines-y-centros-de-jardineria\\\/\",\"url\":\"https:\\\/\\\/ampans.cat\\\/es\\\/orientacion-formacion-empleo\\\/formacion-ocupacional\\\/cp-actividades-auxiliares-en-viveros-jardines-y-centros-de-jardineria\\\/\",\"name\":\"Auxiliar de viveros, jardines y centros de jardiner\u00eda\",\"isPartOf\":{\"@id\":\"https:\\\/\\\/ampans.cat\\\/es\\\/#website\"},\"datePublished\":\"2022-10-25T12:15:15+00:00\",\"dateModified\":\"2026-03-12T15:29:17+00:00\",\"description\":\"Ap\u00fantate a este curso de Auxiliar de viveros, jardines y centros de jardiner\u00eda 100% subvencionado y gratuito. \u00a1Consigue tu certificado de profesionalidad!\",\"breadcrumb\":{\"@id\":\"https:\\\/\\\/ampans.cat\\\/es\\\/orientacion-formacion-empleo\\\/formacion-ocupacional\\\/cp-actividades-auxiliares-en-viveros-jardines-y-centros-de-jardineria\\\/#breadcrumb\"},\"inLanguage\":\"es\",\"potentialAction\":[{\"@type\":\"ReadAction\",\"target\":[\"https:\\\/\\\/ampans.cat\\\/es\\\/orientacion-formacion-empleo\\\/formacion-ocupacional\\\/cp-actividades-auxiliares-en-viveros-jardines-y-centros-de-jardineria\\\/\"]}]},{\"@type\":\"BreadcrumbList\",\"@id\":\"https:\\\/\\\/ampans.cat\\\/es\\\/orientacion-formacion-empleo\\\/formacion-ocupacional\\\/cp-actividades-auxiliares-en-viveros-jardines-y-centros-de-jardineria\\\/#breadcrumb\",\"itemListElement\":[{\"@type\":\"ListItem\",\"position\":1,\"name\":\"Home\",\"item\":\"https:\\\/\\\/ampans.cat\\\/es\\\/\"},{\"@type\":\"ListItem\",\"position\":2,\"name\":\"Orientaci\u00f3n, formaci\u00f3n y trabajo\",\"item\":\"https:\\\/\\\/ampans.cat\\\/es\\\/orientacion-formacion-empleo\\\/\"},{\"@type\":\"ListItem\",\"position\":3,\"name\":\"Formaci\u00f3n ocupacional\",\"item\":\"https:\\\/\\\/ampans.cat\\\/es\\\/orientacion-formacion-empleo\\\/formacion-ocupacional\\\/\"},{\"@type\":\"ListItem\",\"position\":4,\"name\":\"CP &#8211; Actividades auxiliares en viveros, jardines y centros de jardiner\u00eda\"}]},{\"@type\":\"WebSite\",\"@id\":\"https:\\\/\\\/ampans.cat\\\/es\\\/#website\",\"url\":\"https:\\\/\\\/ampans.cat\\\/es\\\/\",\"name\":\"AMPANS\",\"description\":\"\",\"publisher\":{\"@id\":\"https:\\\/\\\/ampans.cat\\\/es\\\/#organization\"},\"potentialAction\":[{\"@type\":\"SearchAction\",\"target\":{\"@type\":\"EntryPoint\",\"urlTemplate\":\"https:\\\/\\\/ampans.cat\\\/es\\\/?s={search_term_string}\"},\"query-input\":{\"@type\":\"PropertyValueSpecification\",\"valueRequired\":true,\"valueName\":\"search_term_string\"}}],\"inLanguage\":\"es\"},{\"@type\":\"Organization\",\"@id\":\"https:\\\/\\\/ampans.cat\\\/es\\\/#organization\",\"name\":\"AMPANS\",\"url\":\"https:\\\/\\\/ampans.cat\\\/es\\\/\",\"logo\":{\"@type\":\"ImageObject\",\"inLanguage\":\"es\",\"@id\":\"https:\\\/\\\/ampans.cat\\\/es\\\/#\\\/schema\\\/logo\\\/image\\\/\",\"url\":\"https:\\\/\\\/ampans.cat\\\/wp-content\\\/uploads\\\/2022\\\/06\\\/animat-ampans-big.gif\",\"contentUrl\":\"https:\\\/\\\/ampans.cat\\\/wp-content\\\/uploads\\\/2022\\\/06\\\/animat-ampans-big.gif\",\"width\":1200,\"height\":312,\"caption\":\"AMPANS\"},\"image\":{\"@id\":\"https:\\\/\\\/ampans.cat\\\/es\\\/#\\\/schema\\\/logo\\\/image\\\/\"}}]}<\/script>\n<!-- \/ Yoast SEO plugin. -->","yoast_head_json":{"title":"Auxiliar de viveros, jardines y centros de jardiner\u00eda","description":"Ap\u00fantate a este curso de Auxiliar de viveros, jardines y centros de jardiner\u00eda 100% subvencionado y gratuito. \u00a1Consigue tu certificado de profesionalidad!","robots":{"index":"index","follow":"follow","max-snippet":"max-snippet:-1","max-image-preview":"max-image-preview:large","max-video-preview":"max-video-preview:-1"},"canonical":"https:\/\/ampans.cat\/es\/orientacion-formacion-empleo\/formacion-ocupacional\/cp-actividades-auxiliares-en-viveros-jardines-y-centros-de-jardineria\/","og_locale":"es_ES","og_type":"article","og_title":"Auxiliar de viveros, jardines y centros de jardiner\u00eda","og_description":"Ap\u00fantate a este curso de Auxiliar de viveros, jardines y centros de jardiner\u00eda 100% subvencionado y gratuito. \u00a1Consigue tu certificado de profesionalidad!","og_url":"https:\/\/ampans.cat\/es\/orientacion-formacion-empleo\/formacion-ocupacional\/cp-actividades-auxiliares-en-viveros-jardines-y-centros-de-jardineria\/","og_site_name":"AMPANS","article_modified_time":"2026-03-12T15:29:17+00:00","twitter_card":"summary_large_image","schema":{"@context":"https:\/\/schema.org","@graph":[{"@type":"WebPage","@id":"https:\/\/ampans.cat\/es\/orientacion-formacion-empleo\/formacion-ocupacional\/cp-actividades-auxiliares-en-viveros-jardines-y-centros-de-jardineria\/","url":"https:\/\/ampans.cat\/es\/orientacion-formacion-empleo\/formacion-ocupacional\/cp-actividades-auxiliares-en-viveros-jardines-y-centros-de-jardineria\/","name":"Auxiliar de viveros, jardines y centros de jardiner\u00eda","isPartOf":{"@id":"https:\/\/ampans.cat\/es\/#website"},"datePublished":"2022-10-25T12:15:15+00:00","dateModified":"2026-03-12T15:29:17+00:00","description":"Ap\u00fantate a este curso de Auxiliar de viveros, jardines y centros de jardiner\u00eda 100% subvencionado y gratuito. \u00a1Consigue tu certificado de profesionalidad!","breadcrumb":{"@id":"https:\/\/ampans.cat\/es\/orientacion-formacion-empleo\/formacion-ocupacional\/cp-actividades-auxiliares-en-viveros-jardines-y-centros-de-jardineria\/#breadcrumb"},"inLanguage":"es","potentialAction":[{"@type":"ReadAction","target":["https:\/\/ampans.cat\/es\/orientacion-formacion-empleo\/formacion-ocupacional\/cp-actividades-auxiliares-en-viveros-jardines-y-centros-de-jardineria\/"]}]},{"@type":"BreadcrumbList","@id":"https:\/\/ampans.cat\/es\/orientacion-formacion-empleo\/formacion-ocupacional\/cp-actividades-auxiliares-en-viveros-jardines-y-centros-de-jardineria\/#breadcrumb","itemListElement":[{"@type":"ListItem","position":1,"name":"Home","item":"https:\/\/ampans.cat\/es\/"},{"@type":"ListItem","position":2,"name":"Orientaci\u00f3n, formaci\u00f3n y trabajo","item":"https:\/\/ampans.cat\/es\/orientacion-formacion-empleo\/"},{"@type":"ListItem","position":3,"name":"Formaci\u00f3n ocupacional","item":"https:\/\/ampans.cat\/es\/orientacion-formacion-empleo\/formacion-ocupacional\/"},{"@type":"ListItem","position":4,"name":"CP &#8211; Actividades auxiliares en viveros, jardines y centros de jardiner\u00eda"}]},{"@type":"WebSite","@id":"https:\/\/ampans.cat\/es\/#website","url":"https:\/\/ampans.cat\/es\/","name":"AMPANS","description":"","publisher":{"@id":"https:\/\/ampans.cat\/es\/#organization"},"potentialAction":[{"@type":"SearchAction","target":{"@type":"EntryPoint","urlTemplate":"https:\/\/ampans.cat\/es\/?s={search_term_string}"},"query-input":{"@type":"PropertyValueSpecification","valueRequired":true,"valueName":"search_term_string"}}],"inLanguage":"es"},{"@type":"Organization","@id":"https:\/\/ampans.cat\/es\/#organization","name":"AMPANS","url":"https:\/\/ampans.cat\/es\/","logo":{"@type":"ImageObject","inLanguage":"es","@id":"https:\/\/ampans.cat\/es\/#\/schema\/logo\/image\/","url":"https:\/\/ampans.cat\/wp-content\/uploads\/2022\/06\/animat-ampans-big.gif","contentUrl":"https:\/\/ampans.cat\/wp-content\/uploads\/2022\/06\/animat-ampans-big.gif","width":1200,"height":312,"caption":"AMPANS"},"image":{"@id":"https:\/\/ampans.cat\/es\/#\/schema\/logo\/image\/"}}]}},"_links":{"self":[{"href":"https:\/\/ampans.cat\/es\/wp-json\/wp\/v2\/pages\/14639","targetHints":{"allow":["GET"]}}],"collection":[{"href":"https:\/\/ampans.cat\/es\/wp-json\/wp\/v2\/pages"}],"about":[{"href":"https:\/\/ampans.cat\/es\/wp-json\/wp\/v2\/types\/page"}],"author":[{"embeddable":true,"href":"https:\/\/ampans.cat\/es\/wp-json\/wp\/v2\/users\/13"}],"replies":[{"embeddable":true,"href":"https:\/\/ampans.cat\/es\/wp-json\/wp\/v2\/comments?post=14639"}],"version-history":[{"count":10,"href":"https:\/\/ampans.cat\/es\/wp-json\/wp\/v2\/pages\/14639\/revisions"}],"predecessor-version":[{"id":46091,"href":"https:\/\/ampans.cat\/es\/wp-json\/wp\/v2\/pages\/14639\/revisions\/46091"}],"up":[{"embeddable":true,"href":"https:\/\/ampans.cat\/es\/wp-json\/wp\/v2\/pages\/5478"}],"wp:attachment":[{"href":"https:\/\/ampans.cat\/es\/wp-json\/wp\/v2\/media?parent=14639"}],"wp:term":[{"taxonomy":"tipus_de_pagina","embeddable":true,"href":"https:\/\/ampans.cat\/es\/wp-json\/wp\/v2\/tipus_de_pagina?post=14639"},{"taxonomy":"ambits_principals","embeddable":true,"href":"https:\/\/ampans.cat\/es\/wp-json\/wp\/v2\/ambits_principals?post=14639"},{"taxonomy":"edat","embeddable":true,"href":"https:\/\/ampans.cat\/es\/wp-json\/wp\/v2\/edat?post=14639"},{"taxonomy":"situacio_laboral","embeddable":true,"href":"https:\/\/ampans.cat\/es\/wp-json\/wp\/v2\/situacio_laboral?post=14639"},{"taxonomy":"tipus_formacio","embeddable":true,"href":"https:\/\/ampans.cat\/es\/wp-json\/wp\/v2\/tipus_formacio?post=14639"},{"taxonomy":"itineraris","embeddable":true,"href":"https:\/\/ampans.cat\/es\/wp-json\/wp\/v2\/itineraris?post=14639"}],"curies":[{"name":"wp","href":"https:\/\/api.w.org\/{rel}","templated":true}]}}