{"id":13525,"date":"2022-09-22T07:54:58","date_gmt":"2022-09-22T07:54:58","guid":{"rendered":"https:\/\/ampans.cat\/?page_id=13525"},"modified":"2022-12-22T08:26:34","modified_gmt":"2022-12-22T08:26:34","slug":"stepper-contacta-area-social","status":"publish","type":"page","link":"https:\/\/ampans.cat\/es\/stepper-contacta-area-social\/","title":{"rendered":"Contacta con AMPANS &#8211; \u00c1rea Social"},"content":{"rendered":"","protected":false},"excerpt":{"rendered":"","protected":false},"author":16,"featured_media":0,"parent":0,"menu_order":0,"comment_status":"closed","ping_status":"closed","template":"template\/d-suports-sub-page.php","meta":{"_acf_changed":false,"inline_featured_image":false,"footnotes":""},"tipus_de_pagina":[],"ambits_principals":[],"edat":[],"situacio_laboral":[],"tipus_formacio":[],"itineraris":[],"class_list":["post-13525","page","type-page","status-publish","hentry"],"acf":[],"yoast_head":"<!-- This site is optimized with the Yoast SEO plugin v27.4 - https:\/\/yoast.com\/product\/yoast-seo-wordpress\/ -->\n<title>Contacto \u00b7 Compliance Fundaci\u00f3n Diversidad Intelectual<\/title>\n<meta name=\"description\" content=\"Estamos comprometidos a desarrollar nuestra labor de acompa\u00f1amiento y formaci\u00f3n con los est\u00e1ndares m\u00e1s altos de \u00e9tica y de integridad \u00a1Con\u00f3celos aqu\u00ed!\" \/>\n<meta name=\"robots\" content=\"noindex, follow\" \/>\n<meta property=\"og:locale\" content=\"es_ES\" \/>\n<meta property=\"og:type\" content=\"article\" \/>\n<meta property=\"og:title\" content=\"Contacto \u00b7 Compliance Fundaci\u00f3n Diversidad Intelectual\" \/>\n<meta property=\"og:description\" content=\"Estamos comprometidos a desarrollar nuestra labor de acompa\u00f1amiento y formaci\u00f3n con los est\u00e1ndares m\u00e1s altos de \u00e9tica y de integridad \u00a1Con\u00f3celos aqu\u00ed!\" \/>\n<meta property=\"og:url\" content=\"https:\/\/ampans.cat\/\" \/>\n<meta property=\"og:site_name\" content=\"AMPANS\" \/>\n<meta property=\"article:modified_time\" content=\"2022-12-22T08:26:34+00:00\" \/>\n<meta name=\"twitter:card\" content=\"summary_large_image\" \/>\n<script type=\"application\/ld+json\" class=\"yoast-schema-graph\">{\"@context\":\"https:\\\/\\\/schema.org\",\"@graph\":[{\"@type\":\"WebPage\",\"@id\":\"https:\\\/\\\/ampans.cat\\\/es\\\/stepper-contacta-area-social\\\/\",\"url\":\"https:\\\/\\\/ampans.cat\\\/\",\"name\":\"Contacto \u00b7 Compliance Fundaci\u00f3n Diversidad Intelectual\",\"isPartOf\":{\"@id\":\"https:\\\/\\\/ampans.cat\\\/es\\\/#website\"},\"datePublished\":\"2022-09-22T07:54:58+00:00\",\"dateModified\":\"2022-12-22T08:26:34+00:00\",\"description\":\"Estamos comprometidos a desarrollar nuestra labor de acompa\u00f1amiento y formaci\u00f3n con los est\u00e1ndares m\u00e1s altos de \u00e9tica y de integridad \u00a1Con\u00f3celos aqu\u00ed!\",\"breadcrumb\":{\"@id\":\"https:\\\/\\\/ampans.cat\\\/#breadcrumb\"},\"inLanguage\":\"es\",\"potentialAction\":[{\"@type\":\"ReadAction\",\"target\":[\"https:\\\/\\\/ampans.cat\\\/\"]}]},{\"@type\":\"BreadcrumbList\",\"@id\":\"https:\\\/\\\/ampans.cat\\\/#breadcrumb\",\"itemListElement\":[{\"@type\":\"ListItem\",\"position\":1,\"name\":\"Home\",\"item\":\"https:\\\/\\\/ampans.cat\\\/es\\\/\"},{\"@type\":\"ListItem\",\"position\":2,\"name\":\"Contacta con AMPANS &#8211; \u00c1rea Social\"}]},{\"@type\":\"WebSite\",\"@id\":\"https:\\\/\\\/ampans.cat\\\/es\\\/#website\",\"url\":\"https:\\\/\\\/ampans.cat\\\/es\\\/\",\"name\":\"AMPANS\",\"description\":\"\",\"publisher\":{\"@id\":\"https:\\\/\\\/ampans.cat\\\/es\\\/#organization\"},\"potentialAction\":[{\"@type\":\"SearchAction\",\"target\":{\"@type\":\"EntryPoint\",\"urlTemplate\":\"https:\\\/\\\/ampans.cat\\\/es\\\/?s={search_term_string}\"},\"query-input\":{\"@type\":\"PropertyValueSpecification\",\"valueRequired\":true,\"valueName\":\"search_term_string\"}}],\"inLanguage\":\"es\"},{\"@type\":\"Organization\",\"@id\":\"https:\\\/\\\/ampans.cat\\\/es\\\/#organization\",\"name\":\"AMPANS\",\"url\":\"https:\\\/\\\/ampans.cat\\\/es\\\/\",\"logo\":{\"@type\":\"ImageObject\",\"inLanguage\":\"es\",\"@id\":\"https:\\\/\\\/ampans.cat\\\/es\\\/#\\\/schema\\\/logo\\\/image\\\/\",\"url\":\"https:\\\/\\\/ampans.cat\\\/wp-content\\\/uploads\\\/2022\\\/06\\\/animat-ampans-big.gif\",\"contentUrl\":\"https:\\\/\\\/ampans.cat\\\/wp-content\\\/uploads\\\/2022\\\/06\\\/animat-ampans-big.gif\",\"width\":1200,\"height\":312,\"caption\":\"AMPANS\"},\"image\":{\"@id\":\"https:\\\/\\\/ampans.cat\\\/es\\\/#\\\/schema\\\/logo\\\/image\\\/\"}}]}<\/script>\n<!-- \/ Yoast SEO plugin. -->","yoast_head_json":{"title":"Contacto \u00b7 Compliance Fundaci\u00f3n Diversidad Intelectual","description":"Estamos comprometidos a desarrollar nuestra labor de acompa\u00f1amiento y formaci\u00f3n con los est\u00e1ndares m\u00e1s altos de \u00e9tica y de integridad \u00a1Con\u00f3celos aqu\u00ed!","robots":{"index":"noindex","follow":"follow"},"og_locale":"es_ES","og_type":"article","og_title":"Contacto \u00b7 Compliance Fundaci\u00f3n Diversidad Intelectual","og_description":"Estamos comprometidos a desarrollar nuestra labor de acompa\u00f1amiento y formaci\u00f3n con los est\u00e1ndares m\u00e1s altos de \u00e9tica y de integridad \u00a1Con\u00f3celos aqu\u00ed!","og_url":"https:\/\/ampans.cat\/","og_site_name":"AMPANS","article_modified_time":"2022-12-22T08:26:34+00:00","twitter_card":"summary_large_image","schema":{"@context":"https:\/\/schema.org","@graph":[{"@type":"WebPage","@id":"https:\/\/ampans.cat\/es\/stepper-contacta-area-social\/","url":"https:\/\/ampans.cat\/","name":"Contacto \u00b7 Compliance Fundaci\u00f3n Diversidad Intelectual","isPartOf":{"@id":"https:\/\/ampans.cat\/es\/#website"},"datePublished":"2022-09-22T07:54:58+00:00","dateModified":"2022-12-22T08:26:34+00:00","description":"Estamos comprometidos a desarrollar nuestra labor de acompa\u00f1amiento y formaci\u00f3n con los est\u00e1ndares m\u00e1s altos de \u00e9tica y de integridad \u00a1Con\u00f3celos aqu\u00ed!","breadcrumb":{"@id":"https:\/\/ampans.cat\/#breadcrumb"},"inLanguage":"es","potentialAction":[{"@type":"ReadAction","target":["https:\/\/ampans.cat\/"]}]},{"@type":"BreadcrumbList","@id":"https:\/\/ampans.cat\/#breadcrumb","itemListElement":[{"@type":"ListItem","position":1,"name":"Home","item":"https:\/\/ampans.cat\/es\/"},{"@type":"ListItem","position":2,"name":"Contacta con AMPANS &#8211; \u00c1rea Social"}]},{"@type":"WebSite","@id":"https:\/\/ampans.cat\/es\/#website","url":"https:\/\/ampans.cat\/es\/","name":"AMPANS","description":"","publisher":{"@id":"https:\/\/ampans.cat\/es\/#organization"},"potentialAction":[{"@type":"SearchAction","target":{"@type":"EntryPoint","urlTemplate":"https:\/\/ampans.cat\/es\/?s={search_term_string}"},"query-input":{"@type":"PropertyValueSpecification","valueRequired":true,"valueName":"search_term_string"}}],"inLanguage":"es"},{"@type":"Organization","@id":"https:\/\/ampans.cat\/es\/#organization","name":"AMPANS","url":"https:\/\/ampans.cat\/es\/","logo":{"@type":"ImageObject","inLanguage":"es","@id":"https:\/\/ampans.cat\/es\/#\/schema\/logo\/image\/","url":"https:\/\/ampans.cat\/wp-content\/uploads\/2022\/06\/animat-ampans-big.gif","contentUrl":"https:\/\/ampans.cat\/wp-content\/uploads\/2022\/06\/animat-ampans-big.gif","width":1200,"height":312,"caption":"AMPANS"},"image":{"@id":"https:\/\/ampans.cat\/es\/#\/schema\/logo\/image\/"}}]}},"_links":{"self":[{"href":"https:\/\/ampans.cat\/es\/wp-json\/wp\/v2\/pages\/13525","targetHints":{"allow":["GET"]}}],"collection":[{"href":"https:\/\/ampans.cat\/es\/wp-json\/wp\/v2\/pages"}],"about":[{"href":"https:\/\/ampans.cat\/es\/wp-json\/wp\/v2\/types\/page"}],"author":[{"embeddable":true,"href":"https:\/\/ampans.cat\/es\/wp-json\/wp\/v2\/users\/16"}],"replies":[{"embeddable":true,"href":"https:\/\/ampans.cat\/es\/wp-json\/wp\/v2\/comments?post=13525"}],"version-history":[{"count":3,"href":"https:\/\/ampans.cat\/es\/wp-json\/wp\/v2\/pages\/13525\/revisions"}],"predecessor-version":[{"id":14211,"href":"https:\/\/ampans.cat\/es\/wp-json\/wp\/v2\/pages\/13525\/revisions\/14211"}],"wp:attachment":[{"href":"https:\/\/ampans.cat\/es\/wp-json\/wp\/v2\/media?parent=13525"}],"wp:term":[{"taxonomy":"tipus_de_pagina","embeddable":true,"href":"https:\/\/ampans.cat\/es\/wp-json\/wp\/v2\/tipus_de_pagina?post=13525"},{"taxonomy":"ambits_principals","embeddable":true,"href":"https:\/\/ampans.cat\/es\/wp-json\/wp\/v2\/ambits_principals?post=13525"},{"taxonomy":"edat","embeddable":true,"href":"https:\/\/ampans.cat\/es\/wp-json\/wp\/v2\/edat?post=13525"},{"taxonomy":"situacio_laboral","embeddable":true,"href":"https:\/\/ampans.cat\/es\/wp-json\/wp\/v2\/situacio_laboral?post=13525"},{"taxonomy":"tipus_formacio","embeddable":true,"href":"https:\/\/ampans.cat\/es\/wp-json\/wp\/v2\/tipus_formacio?post=13525"},{"taxonomy":"itineraris","embeddable":true,"href":"https:\/\/ampans.cat\/es\/wp-json\/wp\/v2\/itineraris?post=13525"}],"curies":[{"name":"wp","href":"https:\/\/api.w.org\/{rel}","templated":true}]}}