{"id":17815,"date":"2023-01-05T08:54:12","date_gmt":"2023-01-05T08:54:12","guid":{"rendered":"https:\/\/ampans.cat\/employment-services\/employment-services-job-training\/cp-actividades-auxiliares-de-alamcen-2\/"},"modified":"2026-04-07T16:59:15","modified_gmt":"2026-04-07T14:59:15","slug":"warehouse-support-activities","status":"publish","type":"page","link":"https:\/\/ampans.cat\/en\/employment-services\/employment-services-job-training\/warehouse-support-activities\/","title":{"rendered":"CP &#8211; Warehouse support activities for people with a disability certificate"},"content":{"rendered":"","protected":false},"excerpt":{"rendered":"","protected":false},"author":13,"featured_media":0,"parent":15882,"menu_order":3,"comment_status":"closed","ping_status":"closed","template":"template\/d-suports-sub-page.php","meta":{"_acf_changed":false,"inline_featured_image":false,"footnotes":""},"tipus_de_pagina":[269],"ambits_principals":[],"edat":[134],"situacio_laboral":[135,136,137],"tipus_formacio":[138],"itineraris":[167],"class_list":["post-17815","page","type-page","status-publish","hentry","tipus_de_pagina-certificats-professionals","edat-de-16-a-24-es","situacio_laboral-actiu-es","situacio_laboral-aturat-es","situacio_laboral-erte-es","tipus_formacio-professionalitat-es","itineraris-logistica"],"acf":[],"yoast_head":"<!-- This site is optimized with the Yoast SEO plugin v27.4 - https:\/\/yoast.com\/product\/yoast-seo-wordpress\/ -->\n<title>Auxiliar de Almac\u00e9n<\/title>\n<meta name=\"description\" content=\"Ap\u00fantate a este curso de Auxiliar de Almac\u00e9n100% subvencionado y gratuito. \u00a1Consigue tu certificado de profesionalidad!\" \/>\n<meta name=\"robots\" content=\"index, follow, max-snippet:-1, max-image-preview:large, max-video-preview:-1\" \/>\n<link rel=\"canonical\" href=\"https:\/\/ampans.cat\/en\/employment-services\/employment-services-job-training\/warehouse-support-activities\/\" \/>\n<meta property=\"og:locale\" content=\"en_US\" \/>\n<meta property=\"og:type\" content=\"article\" \/>\n<meta property=\"og:title\" content=\"Auxiliar de Almac\u00e9n\" \/>\n<meta property=\"og:description\" content=\"Ap\u00fantate a este curso de Auxiliar de Almac\u00e9n100% subvencionado y gratuito. \u00a1Consigue tu certificado de profesionalidad!\" \/>\n<meta property=\"og:url\" content=\"https:\/\/ampans.cat\/en\/employment-services\/employment-services-job-training\/warehouse-support-activities\/\" \/>\n<meta property=\"og:site_name\" content=\"AMPANS\" \/>\n<meta property=\"article:modified_time\" content=\"2026-04-07T14:59:15+00:00\" \/>\n<meta name=\"twitter:card\" content=\"summary_large_image\" \/>\n<script type=\"application\/ld+json\" class=\"yoast-schema-graph\">{\"@context\":\"https:\\\/\\\/schema.org\",\"@graph\":[{\"@type\":\"WebPage\",\"@id\":\"https:\\\/\\\/ampans.cat\\\/en\\\/employment-services\\\/employment-services-job-training\\\/warehouse-support-activities\\\/\",\"url\":\"https:\\\/\\\/ampans.cat\\\/en\\\/employment-services\\\/employment-services-job-training\\\/warehouse-support-activities\\\/\",\"name\":\"Auxiliar de Almac\u00e9n\",\"isPartOf\":{\"@id\":\"https:\\\/\\\/ampans.cat\\\/en\\\/#website\"},\"datePublished\":\"2023-01-05T08:54:12+00:00\",\"dateModified\":\"2026-04-07T14:59:15+00:00\",\"description\":\"Ap\u00fantate a este curso de Auxiliar de Almac\u00e9n100% subvencionado y gratuito. \u00a1Consigue tu certificado de profesionalidad!\",\"breadcrumb\":{\"@id\":\"https:\\\/\\\/ampans.cat\\\/en\\\/employment-services\\\/employment-services-job-training\\\/warehouse-support-activities\\\/#breadcrumb\"},\"inLanguage\":\"en-US\",\"potentialAction\":[{\"@type\":\"ReadAction\",\"target\":[\"https:\\\/\\\/ampans.cat\\\/en\\\/employment-services\\\/employment-services-job-training\\\/warehouse-support-activities\\\/\"]}]},{\"@type\":\"BreadcrumbList\",\"@id\":\"https:\\\/\\\/ampans.cat\\\/en\\\/employment-services\\\/employment-services-job-training\\\/warehouse-support-activities\\\/#breadcrumb\",\"itemListElement\":[{\"@type\":\"ListItem\",\"position\":1,\"name\":\"Home\",\"item\":\"https:\\\/\\\/ampans.cat\\\/en\\\/\"},{\"@type\":\"ListItem\",\"position\":2,\"name\":\"Orientation, training, and employment\",\"item\":\"https:\\\/\\\/ampans.cat\\\/en\\\/employment-services\\\/\"},{\"@type\":\"ListItem\",\"position\":3,\"name\":\"Job training\",\"item\":\"https:\\\/\\\/ampans.cat\\\/en\\\/employment-services\\\/employment-services-job-training\\\/\"},{\"@type\":\"ListItem\",\"position\":4,\"name\":\"CP &#8211; Warehouse support activities for people with a disability certificate\"}]},{\"@type\":\"WebSite\",\"@id\":\"https:\\\/\\\/ampans.cat\\\/en\\\/#website\",\"url\":\"https:\\\/\\\/ampans.cat\\\/en\\\/\",\"name\":\"AMPANS\",\"description\":\"\",\"publisher\":{\"@id\":\"https:\\\/\\\/ampans.cat\\\/en\\\/#organization\"},\"potentialAction\":[{\"@type\":\"SearchAction\",\"target\":{\"@type\":\"EntryPoint\",\"urlTemplate\":\"https:\\\/\\\/ampans.cat\\\/en\\\/?s={search_term_string}\"},\"query-input\":{\"@type\":\"PropertyValueSpecification\",\"valueRequired\":true,\"valueName\":\"search_term_string\"}}],\"inLanguage\":\"en-US\"},{\"@type\":\"Organization\",\"@id\":\"https:\\\/\\\/ampans.cat\\\/en\\\/#organization\",\"name\":\"AMPANS\",\"url\":\"https:\\\/\\\/ampans.cat\\\/en\\\/\",\"logo\":{\"@type\":\"ImageObject\",\"inLanguage\":\"en-US\",\"@id\":\"https:\\\/\\\/ampans.cat\\\/en\\\/#\\\/schema\\\/logo\\\/image\\\/\",\"url\":\"https:\\\/\\\/ampans.cat\\\/wp-content\\\/uploads\\\/2022\\\/06\\\/animat-ampans-big.gif\",\"contentUrl\":\"https:\\\/\\\/ampans.cat\\\/wp-content\\\/uploads\\\/2022\\\/06\\\/animat-ampans-big.gif\",\"width\":1200,\"height\":312,\"caption\":\"AMPANS\"},\"image\":{\"@id\":\"https:\\\/\\\/ampans.cat\\\/en\\\/#\\\/schema\\\/logo\\\/image\\\/\"}}]}<\/script>\n<!-- \/ Yoast SEO plugin. -->","yoast_head_json":{"title":"Auxiliar de Almac\u00e9n","description":"Ap\u00fantate a este curso de Auxiliar de Almac\u00e9n100% subvencionado y gratuito. \u00a1Consigue tu certificado de profesionalidad!","robots":{"index":"index","follow":"follow","max-snippet":"max-snippet:-1","max-image-preview":"max-image-preview:large","max-video-preview":"max-video-preview:-1"},"canonical":"https:\/\/ampans.cat\/en\/employment-services\/employment-services-job-training\/warehouse-support-activities\/","og_locale":"en_US","og_type":"article","og_title":"Auxiliar de Almac\u00e9n","og_description":"Ap\u00fantate a este curso de Auxiliar de Almac\u00e9n100% subvencionado y gratuito. \u00a1Consigue tu certificado de profesionalidad!","og_url":"https:\/\/ampans.cat\/en\/employment-services\/employment-services-job-training\/warehouse-support-activities\/","og_site_name":"AMPANS","article_modified_time":"2026-04-07T14:59:15+00:00","twitter_card":"summary_large_image","schema":{"@context":"https:\/\/schema.org","@graph":[{"@type":"WebPage","@id":"https:\/\/ampans.cat\/en\/employment-services\/employment-services-job-training\/warehouse-support-activities\/","url":"https:\/\/ampans.cat\/en\/employment-services\/employment-services-job-training\/warehouse-support-activities\/","name":"Auxiliar de Almac\u00e9n","isPartOf":{"@id":"https:\/\/ampans.cat\/en\/#website"},"datePublished":"2023-01-05T08:54:12+00:00","dateModified":"2026-04-07T14:59:15+00:00","description":"Ap\u00fantate a este curso de Auxiliar de Almac\u00e9n100% subvencionado y gratuito. \u00a1Consigue tu certificado de profesionalidad!","breadcrumb":{"@id":"https:\/\/ampans.cat\/en\/employment-services\/employment-services-job-training\/warehouse-support-activities\/#breadcrumb"},"inLanguage":"en-US","potentialAction":[{"@type":"ReadAction","target":["https:\/\/ampans.cat\/en\/employment-services\/employment-services-job-training\/warehouse-support-activities\/"]}]},{"@type":"BreadcrumbList","@id":"https:\/\/ampans.cat\/en\/employment-services\/employment-services-job-training\/warehouse-support-activities\/#breadcrumb","itemListElement":[{"@type":"ListItem","position":1,"name":"Home","item":"https:\/\/ampans.cat\/en\/"},{"@type":"ListItem","position":2,"name":"Orientation, training, and employment","item":"https:\/\/ampans.cat\/en\/employment-services\/"},{"@type":"ListItem","position":3,"name":"Job training","item":"https:\/\/ampans.cat\/en\/employment-services\/employment-services-job-training\/"},{"@type":"ListItem","position":4,"name":"CP &#8211; Warehouse support activities for people with a disability certificate"}]},{"@type":"WebSite","@id":"https:\/\/ampans.cat\/en\/#website","url":"https:\/\/ampans.cat\/en\/","name":"AMPANS","description":"","publisher":{"@id":"https:\/\/ampans.cat\/en\/#organization"},"potentialAction":[{"@type":"SearchAction","target":{"@type":"EntryPoint","urlTemplate":"https:\/\/ampans.cat\/en\/?s={search_term_string}"},"query-input":{"@type":"PropertyValueSpecification","valueRequired":true,"valueName":"search_term_string"}}],"inLanguage":"en-US"},{"@type":"Organization","@id":"https:\/\/ampans.cat\/en\/#organization","name":"AMPANS","url":"https:\/\/ampans.cat\/en\/","logo":{"@type":"ImageObject","inLanguage":"en-US","@id":"https:\/\/ampans.cat\/en\/#\/schema\/logo\/image\/","url":"https:\/\/ampans.cat\/wp-content\/uploads\/2022\/06\/animat-ampans-big.gif","contentUrl":"https:\/\/ampans.cat\/wp-content\/uploads\/2022\/06\/animat-ampans-big.gif","width":1200,"height":312,"caption":"AMPANS"},"image":{"@id":"https:\/\/ampans.cat\/en\/#\/schema\/logo\/image\/"}}]}},"_links":{"self":[{"href":"https:\/\/ampans.cat\/en\/wp-json\/wp\/v2\/pages\/17815","targetHints":{"allow":["GET"]}}],"collection":[{"href":"https:\/\/ampans.cat\/en\/wp-json\/wp\/v2\/pages"}],"about":[{"href":"https:\/\/ampans.cat\/en\/wp-json\/wp\/v2\/types\/page"}],"author":[{"embeddable":true,"href":"https:\/\/ampans.cat\/en\/wp-json\/wp\/v2\/users\/13"}],"replies":[{"embeddable":true,"href":"https:\/\/ampans.cat\/en\/wp-json\/wp\/v2\/comments?post=17815"}],"version-history":[{"count":11,"href":"https:\/\/ampans.cat\/en\/wp-json\/wp\/v2\/pages\/17815\/revisions"}],"predecessor-version":[{"id":47023,"href":"https:\/\/ampans.cat\/en\/wp-json\/wp\/v2\/pages\/17815\/revisions\/47023"}],"up":[{"embeddable":true,"href":"https:\/\/ampans.cat\/en\/wp-json\/wp\/v2\/pages\/15882"}],"wp:attachment":[{"href":"https:\/\/ampans.cat\/en\/wp-json\/wp\/v2\/media?parent=17815"}],"wp:term":[{"taxonomy":"tipus_de_pagina","embeddable":true,"href":"https:\/\/ampans.cat\/en\/wp-json\/wp\/v2\/tipus_de_pagina?post=17815"},{"taxonomy":"ambits_principals","embeddable":true,"href":"https:\/\/ampans.cat\/en\/wp-json\/wp\/v2\/ambits_principals?post=17815"},{"taxonomy":"edat","embeddable":true,"href":"https:\/\/ampans.cat\/en\/wp-json\/wp\/v2\/edat?post=17815"},{"taxonomy":"situacio_laboral","embeddable":true,"href":"https:\/\/ampans.cat\/en\/wp-json\/wp\/v2\/situacio_laboral?post=17815"},{"taxonomy":"tipus_formacio","embeddable":true,"href":"https:\/\/ampans.cat\/en\/wp-json\/wp\/v2\/tipus_formacio?post=17815"},{"taxonomy":"itineraris","embeddable":true,"href":"https:\/\/ampans.cat\/en\/wp-json\/wp\/v2\/itineraris?post=17815"}],"curies":[{"name":"wp","href":"https:\/\/api.w.org\/{rel}","templated":true}]}}